{"id":525,"date":"2023-11-23T08:12:34","date_gmt":"2023-11-23T08:12:34","guid":{"rendered":"https:\/\/labdentis.pt\/o-que-fazemos\/"},"modified":"2023-12-18T15:55:42","modified_gmt":"2023-12-18T15:55:42","slug":"o-que-fazemos","status":"publish","type":"page","link":"https:\/\/labdentis.pt\/pt-pt\/o-que-fazemos\/","title":{"rendered":"O que fazemos"},"content":{"rendered":"\t\t<div data-elementor-type=\"wp-page\" data-elementor-id=\"525\" class=\"elementor elementor-525 elementor-121\" data-elementor-post-type=\"page\">\n\t\t\t\t<div class=\"elementor-element elementor-element-99f3d99 e-flex e-con-boxed e-con e-parent\" data-id=\"99f3d99\" data-element_type=\"container\" data-e-type=\"container\" data-settings=\"{&quot;background_background&quot;:&quot;classic&quot;}\">\n\t\t\t\t\t<div class=\"e-con-inner\">\n\t\t\t\t<div class=\"elementor-element elementor-element-0918290 elementor-widget elementor-widget-heading\" data-id=\"0918290\" data-element_type=\"widget\" data-e-type=\"widget\" data-widget_type=\"heading.default\">\n\t\t\t\t<div class=\"elementor-widget-container\">\n\t\t\t\t\t<h1 class=\"elementor-heading-title elementor-size-default\">O QUE FAZEMOS<\/h1>\t\t\t\t<\/div>\n\t\t\t\t<\/div>\n\t\t\t\t\t<\/div>\n\t\t\t\t<\/div>\n\t\t<div class=\"elementor-element elementor-element-3e4dd28 e-flex e-con-boxed e-con e-parent\" data-id=\"3e4dd28\" data-element_type=\"container\" data-e-type=\"container\" data-settings=\"{&quot;background_background&quot;:&quot;classic&quot;}\">\n\t\t\t\t\t<div class=\"e-con-inner\">\n\t\t\t\t<div class=\"elementor-element elementor-element-dca4ba8 elementor-widget elementor-widget-heading\" data-id=\"dca4ba8\" data-element_type=\"widget\" data-e-type=\"widget\" data-widget_type=\"heading.default\">\n\t\t\t\t<div class=\"elementor-widget-container\">\n\t\t\t\t\t<h3 class=\"elementor-heading-title elementor-size-default\">A NOSSA MISS\u00c3O<\/h3>\t\t\t\t<\/div>\n\t\t\t\t<\/div>\n\t\t\t\t<div class=\"elementor-element elementor-element-7b91ba1 elementor-widget elementor-widget-text-editor\" data-id=\"7b91ba1\" data-element_type=\"widget\" data-e-type=\"widget\" data-widget_type=\"text-editor.default\">\n\t\t\t\t<div class=\"elementor-widget-container\">\n\t\t\t\t\t\t\t\t\t<p>As restaura\u00e7\u00f5es de coroas e pontes continuam a ser uma das principais op\u00e7\u00f5es de restaura\u00e7\u00e3o em medicina dent\u00e1ria. As restaura\u00e7\u00f5es de coroas e pontes do Laborat\u00f3rio Labdentis s\u00e3o fabricadas com os mais recentes materiais aprovados pela UE e da mais alta qualidade. O nosso compromisso consiste em proporcionar resultados adequados, funcionais e de aspeto natural quando o tratamento requer porcelana. Desde o trabalho de modelo at\u00e9 ao envidra\u00e7amento final, todas as caixas s\u00e3o produzidas sob amplia\u00e7\u00e3o, o que garante precis\u00e3o e exatid\u00e3o.<\/p>\n\t\t\t\t\t\t\t\t<\/div>\n\t\t\t\t<\/div>\n\t\t\t\t\t<\/div>\n\t\t\t\t<\/div>\n\t\t<div class=\"elementor-element elementor-element-c167596 e-flex e-con-boxed e-con e-parent\" data-id=\"c167596\" data-element_type=\"container\" data-e-type=\"container\">\n\t\t\t\t\t<div class=\"e-con-inner\">\n\t\t\t\t<div class=\"elementor-element elementor-element-f30f0bb elementor-widget elementor-widget-heading\" data-id=\"f30f0bb\" data-element_type=\"widget\" data-e-type=\"widget\" data-widget_type=\"heading.default\">\n\t\t\t\t<div class=\"elementor-widget-container\">\n\t\t\t\t\t<h3 class=\"elementor-heading-title elementor-size-default\">O QUE FAZEMOS<\/h3>\t\t\t\t<\/div>\n\t\t\t\t<\/div>\n\t\t\t\t<div class=\"elementor-element elementor-element-4c686d8 elementor-widget elementor-widget-text-editor\" data-id=\"4c686d8\" data-element_type=\"widget\" data-e-type=\"widget\" data-widget_type=\"text-editor.default\">\n\t\t\t\t<div class=\"elementor-widget-container\">\n\t\t\t\t\t\t\t\t\t<ul>\n<li>Do zirc\u00f3nio \u00e0 porcelana<\/li>\n<li><span style=\"background-color: transparent; font-family: -apple-system, BlinkMacSystemFont, \"Segoe UI\", Roboto, \"Helvetica Neue\", Arial, \"Noto Sans\", sans-serif, \"Apple Color Emoji\", \"Segoe UI Emoji\", \"Segoe UI Symbol\", \"Noto Color Emoji\"; text-align: var(--text-align);\">Facetas<\/span><br><\/li>\n<li>Implantes<\/li>\n<li>Coroas de zirc\u00f3nio<\/li>\n<li>Coroas de ouro<\/li>\n<li><span style=\"background-color: transparent; text-align: var(--text-align); font-family: -apple-system, BlinkMacSystemFont, \"Segoe UI\", Roboto, \"Helvetica Neue\", Arial, \"Noto Sans\", sans-serif, \"Apple Color Emoji\", \"Segoe UI Emoji\", \"Segoe UI Symbol\", \"Noto Color Emoji\";\">Talas<\/span><br><\/li>\n<\/ul>\t\t\t\t\t\t\t\t<\/div>\n\t\t\t\t<\/div>\n\t\t\t\t<div class=\"elementor-element elementor-element-f59c289 elementor-widget elementor-widget-text-editor\" data-id=\"f59c289\" data-element_type=\"widget\" data-e-type=\"widget\" data-widget_type=\"text-editor.default\">\n\t\t\t\t<div class=\"elementor-widget-container\">\n\t\t\t\t\t\t\t\t\t<p>Utilizamos Ivoclar zirc\u00f3nia para as nossas coroas de contorno completo e coifas estratificadas.  <span style=\"text-align: var(--text-align); font-family: -apple-system, BlinkMacSystemFont, 'Segoe UI', Roboto, 'Helvetica Neue', Arial, 'Noto Sans', sans-serif, 'Apple Color Emoji', 'Segoe UI Emoji', 'Segoe UI Symbol', 'Noto Color Emoji';\">Servimos Portugal, Espanha, It\u00e1lia e Fran\u00e7a. O prazo de entrega normal, se for caso disso, \u00e9 de 10 dias \u00fateis. O prazo de entrega normal \u00e9 de 8 a 9 dias, mas tamb\u00e9m temos a capacidade de, numa situa\u00e7\u00e3o de emerg\u00eancia, fabricar coroas no dia seguinte, desde que recebamos o caso antes das 11 horas.<\/span><\/p>\n\t\t\t\t\t\t\t\t<\/div>\n\t\t\t\t<\/div>\n\t\t\t\t\t<\/div>\n\t\t\t\t<\/div>\n\t\t\t\t<\/div>\n\t\t","protected":false},"excerpt":{"rendered":"<p>O QUE FAZEMOS A NOSSA MISS\u00c3O As restaura\u00e7\u00f5es de coroas e pontes continuam a ser uma das principais op\u00e7\u00f5es de restaura\u00e7\u00e3o em medicina dent\u00e1ria. As restaura\u00e7\u00f5es de coroas e pontes do Laborat\u00f3rio Labdentis s\u00e3o fabricadas com os mais recentes materiais aprovados pela UE e da mais alta qualidade. O nosso compromisso consiste em proporcionar resultados [&hellip;]<\/p>\n","protected":false},"author":1,"featured_media":0,"parent":0,"menu_order":0,"comment_status":"closed","ping_status":"closed","template":"elementor_header_footer","meta":{"inline_featured_image":false,"footnotes":""},"class_list":["post-525","page","type-page","status-publish","hentry"],"_links":{"self":[{"href":"https:\/\/labdentis.pt\/pt-pt\/wp-json\/wp\/v2\/pages\/525","targetHints":{"allow":["GET"]}}],"collection":[{"href":"https:\/\/labdentis.pt\/pt-pt\/wp-json\/wp\/v2\/pages"}],"about":[{"href":"https:\/\/labdentis.pt\/pt-pt\/wp-json\/wp\/v2\/types\/page"}],"author":[{"embeddable":true,"href":"https:\/\/labdentis.pt\/pt-pt\/wp-json\/wp\/v2\/users\/1"}],"replies":[{"embeddable":true,"href":"https:\/\/labdentis.pt\/pt-pt\/wp-json\/wp\/v2\/comments?post=525"}],"version-history":[{"count":1,"href":"https:\/\/labdentis.pt\/pt-pt\/wp-json\/wp\/v2\/pages\/525\/revisions"}],"predecessor-version":[{"id":526,"href":"https:\/\/labdentis.pt\/pt-pt\/wp-json\/wp\/v2\/pages\/525\/revisions\/526"}],"wp:attachment":[{"href":"https:\/\/labdentis.pt\/pt-pt\/wp-json\/wp\/v2\/media?parent=525"}],"curies":[{"name":"wp","href":"https:\/\/api.w.org\/{rel}","templated":true}]}}