{"id":527,"date":"2023-11-23T08:12:34","date_gmt":"2023-11-23T08:12:34","guid":{"rendered":"https:\/\/labdentis.pt\/cosa-facciamo\/"},"modified":"2023-12-18T15:55:43","modified_gmt":"2023-12-18T15:55:43","slug":"cosa-facciamo","status":"publish","type":"page","link":"https:\/\/labdentis.pt\/it\/cosa-facciamo\/","title":{"rendered":"Cosa facciamo"},"content":{"rendered":"\t\t<div data-elementor-type=\"wp-page\" data-elementor-id=\"527\" class=\"elementor elementor-527 elementor-121\" data-elementor-post-type=\"page\">\n\t\t\t\t<div class=\"elementor-element elementor-element-99f3d99 e-flex e-con-boxed e-con e-parent\" data-id=\"99f3d99\" data-element_type=\"container\" data-e-type=\"container\" data-settings=\"{&quot;background_background&quot;:&quot;classic&quot;}\">\n\t\t\t\t\t<div class=\"e-con-inner\">\n\t\t\t\t<div class=\"elementor-element elementor-element-0918290 elementor-widget elementor-widget-heading\" data-id=\"0918290\" data-element_type=\"widget\" data-e-type=\"widget\" data-widget_type=\"heading.default\">\n\t\t\t\t<div class=\"elementor-widget-container\">\n\t\t\t\t\t<h1 class=\"elementor-heading-title elementor-size-default\">COSA FACCIAMO<\/h1>\t\t\t\t<\/div>\n\t\t\t\t<\/div>\n\t\t\t\t\t<\/div>\n\t\t\t\t<\/div>\n\t\t<div class=\"elementor-element elementor-element-3e4dd28 e-flex e-con-boxed e-con e-parent\" data-id=\"3e4dd28\" data-element_type=\"container\" data-e-type=\"container\" data-settings=\"{&quot;background_background&quot;:&quot;classic&quot;}\">\n\t\t\t\t\t<div class=\"e-con-inner\">\n\t\t\t\t<div class=\"elementor-element elementor-element-dca4ba8 elementor-widget elementor-widget-heading\" data-id=\"dca4ba8\" data-element_type=\"widget\" data-e-type=\"widget\" data-widget_type=\"heading.default\">\n\t\t\t\t<div class=\"elementor-widget-container\">\n\t\t\t\t\t<h3 class=\"elementor-heading-title elementor-size-default\">LA NOSTRA MISSIONE<\/h3>\t\t\t\t<\/div>\n\t\t\t\t<\/div>\n\t\t\t\t<div class=\"elementor-element elementor-element-7b91ba1 elementor-widget elementor-widget-text-editor\" data-id=\"7b91ba1\" data-element_type=\"widget\" data-e-type=\"widget\" data-widget_type=\"text-editor.default\">\n\t\t\t\t<div class=\"elementor-widget-container\">\n\t\t\t\t\t\t\t\t\t<p>I restauri con corone e ponti continuano a essere una delle principali opzioni di restauro in odontoiatria. Le corone e i ponti del Laboratorio Labdentis sono realizzati con i pi\u00f9 recenti materiali approvati dall&#8217;UE e di altissima qualit\u00e0. Il nostro impegno \u00e8 quello di fornire risultati adeguati, funzionali e dall&#8217;aspetto naturale quando il trattamento richiede la porcellana. Dal lavoro sul modello alla smaltatura finale, tutti i casi sono prodotti sotto ingrandimento, il che garantisce precisione e accuratezza.<\/p>\n\t\t\t\t\t\t\t\t<\/div>\n\t\t\t\t<\/div>\n\t\t\t\t\t<\/div>\n\t\t\t\t<\/div>\n\t\t<div class=\"elementor-element elementor-element-c167596 e-flex e-con-boxed e-con e-parent\" data-id=\"c167596\" data-element_type=\"container\" data-e-type=\"container\">\n\t\t\t\t\t<div class=\"e-con-inner\">\n\t\t\t\t<div class=\"elementor-element elementor-element-f30f0bb elementor-widget elementor-widget-heading\" data-id=\"f30f0bb\" data-element_type=\"widget\" data-e-type=\"widget\" data-widget_type=\"heading.default\">\n\t\t\t\t<div class=\"elementor-widget-container\">\n\t\t\t\t\t<h3 class=\"elementor-heading-title elementor-size-default\">COSA FACCIAMO<\/h3>\t\t\t\t<\/div>\n\t\t\t\t<\/div>\n\t\t\t\t<div class=\"elementor-element elementor-element-4c686d8 elementor-widget elementor-widget-text-editor\" data-id=\"4c686d8\" data-element_type=\"widget\" data-e-type=\"widget\" data-widget_type=\"text-editor.default\">\n\t\t\t\t<div class=\"elementor-widget-container\">\n\t\t\t\t\t\t\t\t\t<ul>\n<li>Dallo zirconio alla porcellana<\/li>\n<li><span style=\"background-color: transparent; font-family: -apple-system, BlinkMacSystemFont, \"Segoe UI\", Roboto, \"Helvetica Neue\", Arial, \"Noto Sans\", sans-serif, \"Apple Color Emoji\", \"Segoe UI Emoji\", \"Segoe UI Symbol\", \"Noto Color Emoji\"; text-align: var(--text-align);\">Faccette<\/span><br><\/li>\n<li>Impianti<\/li>\n<li>Corone in zirconio<\/li>\n<li>Corone d&#8217;oro<\/li>\n<li><span style=\"background-color: transparent; text-align: var(--text-align); font-family: -apple-system, BlinkMacSystemFont, \"Segoe UI\", Roboto, \"Helvetica Neue\", Arial, \"Noto Sans\", sans-serif, \"Apple Color Emoji\", \"Segoe UI Emoji\", \"Segoe UI Symbol\", \"Noto Color Emoji\";\">Stecche<\/span><br><\/li>\n<\/ul>\t\t\t\t\t\t\t\t<\/div>\n\t\t\t\t<\/div>\n\t\t\t\t<div class=\"elementor-element elementor-element-f59c289 elementor-widget elementor-widget-text-editor\" data-id=\"f59c289\" data-element_type=\"widget\" data-e-type=\"widget\" data-widget_type=\"text-editor.default\">\n\t\t\t\t<div class=\"elementor-widget-container\">\n\t\t\t\t\t\t\t\t\t<p>Per le corone a contorno completo e le cappette stratificate utilizziamo la zirconia Ivoclar.  <span style=\"text-align: var(--text-align); font-family: -apple-system, BlinkMacSystemFont, 'Segoe UI', Roboto, 'Helvetica Neue', Arial, 'Noto Sans', sans-serif, 'Apple Color Emoji', 'Segoe UI Emoji', 'Segoe UI Symbol', 'Noto Color Emoji';\">Serviamo Portogallo, Spagna, Italia e Francia. Il tempo di consegna standard, se presente, \u00e8 di 10 giorni lavorativi. I tempi di consegna standard sono di 8-9 giorni, ma in caso di emergenza siamo in grado di produrre corone il giorno successivo, a condizione di ricevere il caso prima delle 11.00.<\/span><\/p>\n\t\t\t\t\t\t\t\t<\/div>\n\t\t\t\t<\/div>\n\t\t\t\t\t<\/div>\n\t\t\t\t<\/div>\n\t\t\t\t<\/div>\n\t\t","protected":false},"excerpt":{"rendered":"<p>COSA FACCIAMO LA NOSTRA MISSIONE I restauri con corone e ponti continuano a essere una delle principali opzioni di restauro in odontoiatria. Le corone e i ponti del Laboratorio Labdentis sono realizzati con i pi\u00f9 recenti materiali approvati dall&#8217;UE e di altissima qualit\u00e0. Il nostro impegno \u00e8 quello di fornire risultati adeguati, funzionali e dall&#8217;aspetto [&hellip;]<\/p>\n","protected":false},"author":1,"featured_media":0,"parent":0,"menu_order":0,"comment_status":"closed","ping_status":"closed","template":"elementor_header_footer","meta":{"inline_featured_image":false,"footnotes":""},"class_list":["post-527","page","type-page","status-publish","hentry"],"_links":{"self":[{"href":"https:\/\/labdentis.pt\/it\/wp-json\/wp\/v2\/pages\/527","targetHints":{"allow":["GET"]}}],"collection":[{"href":"https:\/\/labdentis.pt\/it\/wp-json\/wp\/v2\/pages"}],"about":[{"href":"https:\/\/labdentis.pt\/it\/wp-json\/wp\/v2\/types\/page"}],"author":[{"embeddable":true,"href":"https:\/\/labdentis.pt\/it\/wp-json\/wp\/v2\/users\/1"}],"replies":[{"embeddable":true,"href":"https:\/\/labdentis.pt\/it\/wp-json\/wp\/v2\/comments?post=527"}],"version-history":[{"count":1,"href":"https:\/\/labdentis.pt\/it\/wp-json\/wp\/v2\/pages\/527\/revisions"}],"predecessor-version":[{"id":531,"href":"https:\/\/labdentis.pt\/it\/wp-json\/wp\/v2\/pages\/527\/revisions\/531"}],"wp:attachment":[{"href":"https:\/\/labdentis.pt\/it\/wp-json\/wp\/v2\/media?parent=527"}],"curies":[{"name":"wp","href":"https:\/\/api.w.org\/{rel}","templated":true}]}}