{"id":59,"date":"2023-11-07T06:52:57","date_gmt":"2023-11-07T06:52:57","guid":{"rendered":"https:\/\/labdentis.pt\/?page_id=59"},"modified":"2023-12-18T15:55:05","modified_gmt":"2023-12-18T15:55:05","slug":"inicio","status":"publish","type":"page","link":"https:\/\/labdentis.pt\/es\/","title":{"rendered":"Inicio"},"content":{"rendered":"\t\t<div data-elementor-type=\"wp-page\" data-elementor-id=\"59\" class=\"elementor elementor-59\" data-elementor-post-type=\"page\">\n\t\t\t\t<div class=\"elementor-element elementor-element-7d89967 e-flex e-con-boxed e-con e-parent\" data-id=\"7d89967\" data-element_type=\"container\" data-e-type=\"container\" data-settings=\"{&quot;background_background&quot;:&quot;classic&quot;}\">\n\t\t\t\t\t<div class=\"e-con-inner\">\n\t\t\t\t<div class=\"elementor-element elementor-element-d56ac7e elementor-widget elementor-widget-heading\" data-id=\"d56ac7e\" data-element_type=\"widget\" data-e-type=\"widget\" data-widget_type=\"heading.default\">\n\t\t\t\t<div class=\"elementor-widget-container\">\n\t\t\t\t\t<h2 class=\"elementor-heading-title elementor-size-default\">Calidad. Precisi\u00f3n. Tecnolog\u00eda.<\/h2>\t\t\t\t<\/div>\n\t\t\t\t<\/div>\n\t\t\t\t<div class=\"elementor-element elementor-element-d63349a elementor-widget__width-initial elementor-widget elementor-widget-heading\" data-id=\"d63349a\" data-element_type=\"widget\" data-e-type=\"widget\" data-widget_type=\"heading.default\">\n\t\t\t\t<div class=\"elementor-widget-container\">\n\t\t\t\t\t<h6 class=\"elementor-heading-title elementor-size-default\">Las cl\u00ednicas dentales de Europa , conf\u00edan en nuestros trabajos de laboratorio dental personalizados con precisi\u00f3n.<\/h6>\t\t\t\t<\/div>\n\t\t\t\t<\/div>\n\t\t\t\t<div class=\"elementor-element elementor-element-bcb371f elementor-align-center elementor-hidden-desktop elementor-hidden-tablet elementor-hidden-mobile elementor-widget elementor-widget-button\" data-id=\"bcb371f\" data-element_type=\"widget\" data-e-type=\"widget\" data-widget_type=\"button.default\">\n\t\t\t\t<div class=\"elementor-widget-container\">\n\t\t\t\t\t\t\t\t\t<div class=\"elementor-button-wrapper\">\n\t\t\t\t\t<a class=\"elementor-button elementor-button-link elementor-size-sm\" href=\"#\">\n\t\t\t\t\t\t<span class=\"elementor-button-content-wrapper\">\n\t\t\t\t\t\t\t\t\t<span class=\"elementor-button-text\">SABER M\u00c1S<\/span>\n\t\t\t\t\t<\/span>\n\t\t\t\t\t<\/a>\n\t\t\t\t<\/div>\n\t\t\t\t\t\t\t\t<\/div>\n\t\t\t\t<\/div>\n\t\t\t\t\t<\/div>\n\t\t\t\t<\/div>\n\t\t<div class=\"elementor-element elementor-element-12b1404 e-flex e-con-boxed e-con e-parent\" data-id=\"12b1404\" data-element_type=\"container\" data-e-type=\"container\">\n\t\t\t\t\t<div class=\"e-con-inner\">\n\t\t\t\t<div class=\"elementor-element elementor-element-bc5b18b elementor-widget elementor-widget-heading\" data-id=\"bc5b18b\" data-element_type=\"widget\" data-e-type=\"widget\" data-widget_type=\"heading.default\">\n\t\t\t\t<div class=\"elementor-widget-container\">\n\t\t\t\t\t<h2 class=\"elementor-heading-title elementor-size-default\">Restauraciones de alta calidad<\/h2>\t\t\t\t<\/div>\n\t\t\t\t<\/div>\n\t\t\t\t<div class=\"elementor-element elementor-element-653b2ae elementor-widget__width-initial elementor-widget elementor-widget-heading\" data-id=\"653b2ae\" data-element_type=\"widget\" data-e-type=\"widget\" data-widget_type=\"heading.default\">\n\t\t\t\t<div class=\"elementor-widget-container\">\n\t\t\t\t\t<h6 class=\"elementor-heading-title elementor-size-default\">Trabajar con un laboratorio dental nunca ha sido tan f\u00e1cil. Labdentis puede satisfacer las necesidades de su consulta y de sus pacientes en cuanto a productos de restauraci\u00f3n dental de precisi\u00f3n.<\/h6>\t\t\t\t<\/div>\n\t\t\t\t<\/div>\n\t\t\t\t\t<\/div>\n\t\t\t\t<\/div>\n\t\t<div class=\"elementor-element elementor-element-25ebd2d e-flex e-con-boxed e-con e-parent\" data-id=\"25ebd2d\" data-element_type=\"container\" data-e-type=\"container\" data-settings=\"{&quot;background_background&quot;:&quot;classic&quot;}\">\n\t\t\t\t\t<div class=\"e-con-inner\">\n\t\t\t\t<div class=\"elementor-element elementor-element-b27d686 elementor-widget__width-initial elementor-position-top elementor-widget elementor-widget-image-box\" data-id=\"b27d686\" data-element_type=\"widget\" data-e-type=\"widget\" data-widget_type=\"image-box.default\">\n\t\t\t\t<div class=\"elementor-widget-container\">\n\t\t\t\t\t<div class=\"elementor-image-box-wrapper\"><figure class=\"elementor-image-box-img\"><img decoding=\"async\" width=\"119\" height=\"113\" src=\"https:\/\/labdentis.pt\/wp-content\/uploads\/2023\/11\/icon-11-1-1.svg\" class=\"attachment-full size-full wp-image-178\" alt=\"\" \/><\/figure><div class=\"elementor-image-box-content\"><h6 class=\"elementor-image-box-title\">Coronas y puentes<\/h6><\/div><\/div>\t\t\t\t<\/div>\n\t\t\t\t<\/div>\n\t\t\t\t<div class=\"elementor-element elementor-element-06de40c elementor-widget__width-initial elementor-position-top elementor-widget elementor-widget-image-box\" data-id=\"06de40c\" data-element_type=\"widget\" data-e-type=\"widget\" data-widget_type=\"image-box.default\">\n\t\t\t\t<div class=\"elementor-widget-container\">\n\t\t\t\t\t<div class=\"elementor-image-box-wrapper\"><figure class=\"elementor-image-box-img\"><img decoding=\"async\" width=\"102\" height=\"131\" src=\"https:\/\/labdentis.pt\/wp-content\/uploads\/2023\/11\/icon-12.svg\" class=\"attachment-full size-full wp-image-168\" alt=\"\" \/><\/figure><div class=\"elementor-image-box-content\"><h6 class=\"elementor-image-box-title\">Implantes\u200b<\/h6><\/div><\/div>\t\t\t\t<\/div>\n\t\t\t\t<\/div>\n\t\t\t\t<div class=\"elementor-element elementor-element-433cf89 elementor-widget__width-initial elementor-position-top elementor-widget elementor-widget-image-box\" data-id=\"433cf89\" data-element_type=\"widget\" data-e-type=\"widget\" data-widget_type=\"image-box.default\">\n\t\t\t\t<div class=\"elementor-widget-container\">\n\t\t\t\t\t<div class=\"elementor-image-box-wrapper\"><figure class=\"elementor-image-box-img\"><img decoding=\"async\" width=\"130\" height=\"110\" src=\"https:\/\/labdentis.pt\/wp-content\/uploads\/2023\/11\/icon-13.svg\" class=\"attachment-full size-full wp-image-167\" alt=\"\" \/><\/figure><div class=\"elementor-image-box-content\"><h6 class=\"elementor-image-box-title\">Pr\u00f3tesis<\/h6><\/div><\/div>\t\t\t\t<\/div>\n\t\t\t\t<\/div>\n\t\t\t\t\t<\/div>\n\t\t\t\t<\/div>\n\t\t<div class=\"elementor-element elementor-element-71947cc e-flex e-con-boxed e-con e-parent\" data-id=\"71947cc\" data-element_type=\"container\" data-e-type=\"container\" data-settings=\"{&quot;background_background&quot;:&quot;classic&quot;}\">\n\t\t\t\t\t<div class=\"e-con-inner\">\n\t\t\t\t<div class=\"elementor-element elementor-element-273c2b9 elementor-widget__width-initial elementor-position-top elementor-widget elementor-widget-image-box\" data-id=\"273c2b9\" data-element_type=\"widget\" data-e-type=\"widget\" data-widget_type=\"image-box.default\">\n\t\t\t\t<div class=\"elementor-widget-container\">\n\t\t\t\t\t<div class=\"elementor-image-box-wrapper\"><figure class=\"elementor-image-box-img\"><img loading=\"lazy\" decoding=\"async\" width=\"121\" height=\"120\" src=\"https:\/\/labdentis.pt\/wp-content\/uploads\/2023\/11\/icon-15.svg\" class=\"attachment-full size-full wp-image-165\" alt=\"\" \/><\/figure><div class=\"elementor-image-box-content\"><h6 class=\"elementor-image-box-title\">Carillas<\/h6><\/div><\/div>\t\t\t\t<\/div>\n\t\t\t\t<\/div>\n\t\t\t\t<div class=\"elementor-element elementor-element-166fdf6 elementor-widget__width-initial elementor-position-top elementor-widget elementor-widget-image-box\" data-id=\"166fdf6\" data-element_type=\"widget\" data-e-type=\"widget\" data-widget_type=\"image-box.default\">\n\t\t\t\t<div class=\"elementor-widget-container\">\n\t\t\t\t\t<div class=\"elementor-image-box-wrapper\"><figure class=\"elementor-image-box-img\"><img loading=\"lazy\" decoding=\"async\" width=\"113\" height=\"119\" src=\"https:\/\/labdentis.pt\/wp-content\/uploads\/2023\/11\/icon-16.svg\" class=\"attachment-full size-full wp-image-164\" alt=\"\" \/><\/figure><div class=\"elementor-image-box-content\"><h6 class=\"elementor-image-box-title\">F\u00e9rulas<\/h6><\/div><\/div>\t\t\t\t<\/div>\n\t\t\t\t<\/div>\n\t\t\t\t<div class=\"elementor-element elementor-element-225981a elementor-widget__width-initial elementor-position-top elementor-widget elementor-widget-image-box\" data-id=\"225981a\" data-element_type=\"widget\" data-e-type=\"widget\" data-widget_type=\"image-box.default\">\n\t\t\t\t<div class=\"elementor-widget-container\">\n\t\t\t\t\t<div class=\"elementor-image-box-wrapper\"><figure class=\"elementor-image-box-img\"><img loading=\"lazy\" decoding=\"async\" width=\"130\" height=\"110\" src=\"https:\/\/labdentis.pt\/wp-content\/uploads\/2023\/11\/icon-14.svg\" class=\"attachment-full size-full wp-image-166\" alt=\"\" \/><\/figure><div class=\"elementor-image-box-content\"><h6 class=\"elementor-image-box-title\">Removibles<\/h6><\/div><\/div>\t\t\t\t<\/div>\n\t\t\t\t<\/div>\n\t\t\t\t\t<\/div>\n\t\t\t\t<\/div>\n\t\t<div class=\"elementor-element elementor-element-bf3fac5 e-flex e-con-boxed e-con e-parent\" data-id=\"bf3fac5\" data-element_type=\"container\" data-e-type=\"container\" data-settings=\"{&quot;background_background&quot;:&quot;classic&quot;}\">\n\t\t\t\t\t<div class=\"e-con-inner\">\n\t\t<div class=\"elementor-element elementor-element-0dde6fe e-con-full e-flex e-con e-child\" data-id=\"0dde6fe\" data-element_type=\"container\" data-e-type=\"container\">\n\t\t\t\t<div class=\"elementor-element elementor-element-e9c9d10 elementor-widget elementor-widget-heading\" data-id=\"e9c9d10\" data-element_type=\"widget\" data-e-type=\"widget\" data-widget_type=\"heading.default\">\n\t\t\t\t<div class=\"elementor-widget-container\">\n\t\t\t\t\t<h2 class=\"elementor-heading-title elementor-size-default\">Bienvenido a Labdentis<\/h2>\t\t\t\t<\/div>\n\t\t\t\t<\/div>\n\t\t\t\t<div class=\"elementor-element elementor-element-b50d9f8 elementor-widget elementor-widget-text-editor\" data-id=\"b50d9f8\" data-element_type=\"widget\" data-e-type=\"widget\" data-widget_type=\"text-editor.default\">\n\t\t\t\t<div class=\"elementor-widget-container\">\n\t\t\t\t\t\t\t\t\t<p>Labdentis ofrece soluciones de calidad para ayudar a los dentistas\u00a0 a marcar la diferencia en la salud dental de sus pacientes<\/p><p>Tanto si sabe exactamente lo que necesita como si busca asesoramiento para un caso complejo, el equipo del Labdentis est\u00e1 aqu\u00ed para ayudarle.<\/p><p>Ofrecemos mano de obra de calidad, productos de marca y un compromiso de servicio.<\/p>\t\t\t\t\t\t\t\t<\/div>\n\t\t\t\t<\/div>\n\t\t\t\t<\/div>\n\t\t<div class=\"elementor-element elementor-element-b679da0 e-con-full e-flex e-con e-child\" data-id=\"b679da0\" data-element_type=\"container\" data-e-type=\"container\">\n\t\t\t\t<div class=\"elementor-element elementor-element-d0038f4 elementor-widget elementor-widget-image\" data-id=\"d0038f4\" data-element_type=\"widget\" data-e-type=\"widget\" data-widget_type=\"image.default\">\n\t\t\t\t<div class=\"elementor-widget-container\">\n\t\t\t\t\t\t\t\t\t\t\t\t\t\t\t<img loading=\"lazy\" decoding=\"async\" width=\"800\" height=\"600\" src=\"https:\/\/labdentis.pt\/wp-content\/uploads\/2023\/11\/ss-labdentis.jpg\" class=\"attachment-large size-large wp-image-365\" alt=\"\" srcset=\"https:\/\/labdentis.pt\/wp-content\/uploads\/2023\/11\/ss-labdentis.jpg 1000w, https:\/\/labdentis.pt\/wp-content\/uploads\/2023\/11\/ss-labdentis-300x225.jpg 300w, https:\/\/labdentis.pt\/wp-content\/uploads\/2023\/11\/ss-labdentis-768x576.jpg 768w\" sizes=\"(max-width: 800px) 100vw, 800px\" \/>\t\t\t\t\t\t\t\t\t\t\t\t\t\t\t<\/div>\n\t\t\t\t<\/div>\n\t\t\t\t<\/div>\n\t\t\t\t\t<\/div>\n\t\t\t\t<\/div>\n\t\t<div class=\"elementor-element elementor-element-8b2f18c elementor-hidden-desktop elementor-hidden-tablet elementor-hidden-mobile e-flex e-con-boxed e-con e-parent\" data-id=\"8b2f18c\" data-element_type=\"container\" data-e-type=\"container\">\n\t\t\t\t\t<div class=\"e-con-inner\">\n\t\t\t\t<div class=\"elementor-element elementor-element-5420f10 elementor-testimonial--layout-image_above elementor-testimonial--skin-default elementor-testimonial--align-center elementor-arrows-yes elementor-widget elementor-widget-testimonial-carousel\" data-id=\"5420f10\" data-element_type=\"widget\" data-e-type=\"widget\" data-settings=\"{&quot;show_arrows&quot;:&quot;yes&quot;,&quot;speed&quot;:500,&quot;autoplay&quot;:&quot;yes&quot;,&quot;autoplay_speed&quot;:5000,&quot;loop&quot;:&quot;yes&quot;,&quot;pause_on_hover&quot;:&quot;yes&quot;,&quot;pause_on_interaction&quot;:&quot;yes&quot;,&quot;space_between&quot;:{&quot;unit&quot;:&quot;px&quot;,&quot;size&quot;:10,&quot;sizes&quot;:[]},&quot;space_between_tablet&quot;:{&quot;unit&quot;:&quot;px&quot;,&quot;size&quot;:10,&quot;sizes&quot;:[]},&quot;space_between_mobile&quot;:{&quot;unit&quot;:&quot;px&quot;,&quot;size&quot;:10,&quot;sizes&quot;:[]}}\" data-widget_type=\"testimonial-carousel.default\">\n\t\t\t\t<div class=\"elementor-widget-container\">\n\t\t\t\t\t\t\t\t\t<div class=\"elementor-swiper\">\n\t\t\t\t\t<div class=\"elementor-main-swiper swiper\" role=\"region\" aria-roledescription=\"carousel\" aria-label=\"Diapositivas\">\n\t\t\t\t<div class=\"swiper-wrapper\">\n\t\t\t\t\t\t\t\t\t\t\t<div class=\"swiper-slide\" role=\"group\" aria-roledescription=\"slide\">\n\t\t\t\t\t\t\t\t\t<div class=\"elementor-testimonial\">\n\t\t\t\t\t\t\t<div class=\"elementor-testimonial__content\">\n\t\t\t\t\t<div class=\"elementor-testimonial__text\">\n\t\t\t\t\t\tPor fin se acabaron los quebraderos de cabeza de gestionar pedidos de 5 laboratorios diferentes. No solo eso, sino que s\u00e9 exactamente cu\u00e1ndo van a llegar mis pedidos para poder reservar pacientes en consecuencia.\t\t\t\t\t<\/div>\n\t\t\t\t\t<cite class=\"elementor-testimonial__cite\"><span class=\"elementor-testimonial__name\">- Director de cl\u00ednica, Martinez Dental<\/span><\/cite>\t\t\t\t<\/div>\n\t\t\t\t\t\t<div class=\"elementor-testimonial__footer\">\n\t\t\t\t\t\t\t\t\t<div class=\"elementor-testimonial__image\">\n\t\t\t\t\t\t<img decoding=\"async\" src=\"https:\/\/labdentis.pt\/wp-content\/uploads\/2023\/11\/AboutPage-Instructors_4.jpg\" alt=\"- Director de cl\u00ednica, Martinez Dental\">\n\t\t\t\t\t\t\t\t\t\t\t<\/div>\n\t\t\t\t\t\t\t\t\t\t\t<\/div>\n\t\t<\/div>\n\t\t\t\t\t\t\t\t<\/div>\n\t\t\t\t\t\t\t\t\t<\/div>\n\t\t\t\t\t\t\t<\/div>\n\t\t\t\t<\/div>\n\t\t\t\t\t\t\t\t<\/div>\n\t\t\t\t<\/div>\n\t\t\t\t\t<\/div>\n\t\t\t\t<\/div>\n\t\t<div class=\"elementor-element elementor-element-9614a62 e-flex e-con-boxed e-con e-parent\" data-id=\"9614a62\" data-element_type=\"container\" data-e-type=\"container\" data-settings=\"{&quot;background_background&quot;:&quot;classic&quot;}\">\n\t\t\t\t\t<div class=\"e-con-inner\">\n\t\t<div class=\"elementor-element elementor-element-54eb426 e-con-full e-flex e-con e-child\" data-id=\"54eb426\" data-element_type=\"container\" data-e-type=\"container\">\n\t\t\t\t<div class=\"elementor-element elementor-element-16912d9 elementor-widget elementor-widget-image\" data-id=\"16912d9\" data-element_type=\"widget\" data-e-type=\"widget\" data-widget_type=\"image.default\">\n\t\t\t\t<div class=\"elementor-widget-container\">\n\t\t\t\t\t\t\t\t\t\t\t\t\t\t\t<img loading=\"lazy\" decoding=\"async\" width=\"800\" height=\"533\" src=\"https:\/\/labdentis.pt\/wp-content\/uploads\/2023\/12\/iS-consulta-dentale.webp\" class=\"attachment-full size-full wp-image-416\" alt=\"\" srcset=\"https:\/\/labdentis.pt\/wp-content\/uploads\/2023\/12\/iS-consulta-dentale.webp 800w, https:\/\/labdentis.pt\/wp-content\/uploads\/2023\/12\/iS-consulta-dentale-300x200.webp 300w, https:\/\/labdentis.pt\/wp-content\/uploads\/2023\/12\/iS-consulta-dentale-768x512.webp 768w\" sizes=\"(max-width: 800px) 100vw, 800px\" \/>\t\t\t\t\t\t\t\t\t\t\t\t\t\t\t<\/div>\n\t\t\t\t<\/div>\n\t\t\t\t<\/div>\n\t\t<div class=\"elementor-element elementor-element-edab13c e-con-full e-flex e-con e-child\" data-id=\"edab13c\" data-element_type=\"container\" data-e-type=\"container\">\n\t\t\t\t<div class=\"elementor-element elementor-element-39a5d5f elementor-widget elementor-widget-heading\" data-id=\"39a5d5f\" data-element_type=\"widget\" data-e-type=\"widget\" data-widget_type=\"heading.default\">\n\t\t\t\t<div class=\"elementor-widget-container\">\n\t\t\t\t\t<h2 class=\"elementor-heading-title elementor-size-default\">Su consulta se merece lo mejor<\/h2>\t\t\t\t<\/div>\n\t\t\t\t<\/div>\n\t\t\t\t<div class=\"elementor-element elementor-element-3565dab elementor-widget elementor-widget-text-editor\" data-id=\"3565dab\" data-element_type=\"widget\" data-e-type=\"widget\" data-widget_type=\"text-editor.default\">\n\t\t\t\t<div class=\"elementor-widget-container\">\n\t\t\t\t\t\t\t\t\t<p>Con una amplia oferta de productos y una calidad insuperable, podr\u00e1 ofrecer a sus pacientes las restauraciones de alta calidad que esperan.\u00a0<\/p><p>Labdentis es un nombre de confianza en productos de restauraci\u00f3n dental, y somos conocidos por ofrecer a las cl\u00ednicas dentales de toda Europa los productos dentales de precisi\u00f3n para satisfacer sus necesidades.<\/p><p>Aprovechando lo \u00faltimo en tecnolog\u00eda, nuestro equipo de t\u00e9cnicos\u00a0 es capaz de producir resultados de alta calidad, de forma consistente y repetitiva.<\/p>\t\t\t\t\t\t\t\t<\/div>\n\t\t\t\t<\/div>\n\t\t\t\t<\/div>\n\t\t\t\t\t<\/div>\n\t\t\t\t<\/div>\n\t\t<div class=\"elementor-element elementor-element-7edb18b e-flex e-con-boxed e-con e-parent\" data-id=\"7edb18b\" data-element_type=\"container\" data-e-type=\"container\" data-settings=\"{&quot;background_background&quot;:&quot;video&quot;,&quot;background_video_link&quot;:&quot;https:\\\/\\\/vimeo.com\\\/888782877?&quot;}\">\n\t\t\t\t\t<div class=\"e-con-inner\">\n\t\t<div class=\"elementor-background-video-container elementor-hidden-mobile\">\n\t\t\t\t\t\t\t<div class=\"elementor-background-video-embed\" role=\"presentation\"><\/div>\n\t\t\t\t\t\t<\/div><div class=\"elementor-element elementor-element-c2aa1ac e-con-full e-flex e-con e-child\" data-id=\"c2aa1ac\" data-element_type=\"container\" data-e-type=\"container\">\n\t\t\t\t<div class=\"elementor-element elementor-element-9b045c3 elementor-widget elementor-widget-heading\" data-id=\"9b045c3\" data-element_type=\"widget\" data-e-type=\"widget\" data-widget_type=\"heading.default\">\n\t\t\t\t<div class=\"elementor-widget-container\">\n\t\t\t\t\t<h2 class=\"elementor-heading-title elementor-size-default\">Al servicio de las cl\u00ednicas de toda Espa\u00f1a y Europa<\/h2>\t\t\t\t<\/div>\n\t\t\t\t<\/div>\n\t\t\t\t<div class=\"elementor-element elementor-element-ff3ab1a elementor-widget elementor-widget-text-editor\" data-id=\"ff3ab1a\" data-element_type=\"widget\" data-e-type=\"widget\" data-widget_type=\"text-editor.default\">\n\t\t\t\t<div class=\"elementor-widget-container\">\n\t\t\t\t\t\t\t\t\t<p>Desde Portugal, Labdentis ofrece servicios profesionales a dentistas y laboratorios dentales de toda Espa\u00f1a, con un optimizado sistema log\u00edstico.<\/p>\t\t\t\t\t\t\t\t<\/div>\n\t\t\t\t<\/div>\n\t\t\t\t<\/div>\n\t\t\t\t\t<\/div>\n\t\t\t\t<\/div>\n\t\t<div class=\"elementor-element elementor-element-8bae902 e-flex e-con-boxed e-con e-parent\" data-id=\"8bae902\" data-element_type=\"container\" data-e-type=\"container\" data-settings=\"{&quot;background_background&quot;:&quot;classic&quot;}\">\n\t\t\t\t\t<div class=\"e-con-inner\">\n\t\t<div class=\"elementor-element elementor-element-33719d9 e-con-full e-flex e-con e-child\" data-id=\"33719d9\" data-element_type=\"container\" data-e-type=\"container\">\n\t\t\t\t<div class=\"elementor-element elementor-element-57f727d elementor-widget__width-initial elementor-widget elementor-widget-heading\" data-id=\"57f727d\" data-element_type=\"widget\" data-e-type=\"widget\" data-widget_type=\"heading.default\">\n\t\t\t\t<div class=\"elementor-widget-container\">\n\t\t\t\t\t<h2 class=\"elementor-heading-title elementor-size-default\">Productos dentales de precisi\u00f3n que sus pacientes se merecen.<\/h2>\t\t\t\t<\/div>\n\t\t\t\t<\/div>\n\t\t\t\t<div class=\"elementor-element elementor-element-4c7b270 elementor-widget__width-initial elementor-widget elementor-widget-heading\" data-id=\"4c7b270\" data-element_type=\"widget\" data-e-type=\"widget\" data-widget_type=\"heading.default\">\n\t\t\t\t<div class=\"elementor-widget-container\">\n\t\t\t\t\t<h6 class=\"elementor-heading-title elementor-size-default\">La satisfacci\u00f3n de los clientes de su cl\u00ednica dental depende de que usted ofrezca calidad, precisi\u00f3n y puntualidad.<\/h6>\t\t\t\t<\/div>\n\t\t\t\t<\/div>\n\t\t\t\t<\/div>\n\t\t\t\t\t<\/div>\n\t\t\t\t<\/div>\n\t\t\t\t<\/div>\n\t\t","protected":false},"excerpt":{"rendered":"<p>Calidad. Precisi\u00f3n. Tecnolog\u00eda. Las cl\u00ednicas dentales de Europa , conf\u00edan en nuestros trabajos de laboratorio dental personalizados con precisi\u00f3n. SABER M\u00c1S Restauraciones de alta calidad Trabajar con un laboratorio dental nunca ha sido tan f\u00e1cil. Labdentis puede satisfacer las necesidades de su consulta y de sus pacientes en cuanto a productos de restauraci\u00f3n dental de [&hellip;]<\/p>\n","protected":false},"author":1,"featured_media":0,"parent":0,"menu_order":0,"comment_status":"closed","ping_status":"closed","template":"elementor_header_footer","meta":{"inline_featured_image":false,"footnotes":""},"class_list":["post-59","page","type-page","status-publish","hentry"],"_links":{"self":[{"href":"https:\/\/labdentis.pt\/es\/wp-json\/wp\/v2\/pages\/59","targetHints":{"allow":["GET"]}}],"collection":[{"href":"https:\/\/labdentis.pt\/es\/wp-json\/wp\/v2\/pages"}],"about":[{"href":"https:\/\/labdentis.pt\/es\/wp-json\/wp\/v2\/types\/page"}],"author":[{"embeddable":true,"href":"https:\/\/labdentis.pt\/es\/wp-json\/wp\/v2\/users\/1"}],"replies":[{"embeddable":true,"href":"https:\/\/labdentis.pt\/es\/wp-json\/wp\/v2\/comments?post=59"}],"version-history":[{"count":65,"href":"https:\/\/labdentis.pt\/es\/wp-json\/wp\/v2\/pages\/59\/revisions"}],"predecessor-version":[{"id":524,"href":"https:\/\/labdentis.pt\/es\/wp-json\/wp\/v2\/pages\/59\/revisions\/524"}],"wp:attachment":[{"href":"https:\/\/labdentis.pt\/es\/wp-json\/wp\/v2\/media?parent=59"}],"curies":[{"name":"wp","href":"https:\/\/api.w.org\/{rel}","templated":true}]}}