{"id":121,"date":"2023-11-23T08:12:34","date_gmt":"2023-11-23T08:12:34","guid":{"rendered":"https:\/\/labdentis.pt\/?page_id=121"},"modified":"2023-11-29T07:43:20","modified_gmt":"2023-11-29T07:43:20","slug":"what-we-do","status":"publish","type":"page","link":"https:\/\/labdentis.pt\/es\/what-we-do\/","title":{"rendered":"Qu\u00e9 hacemos"},"content":{"rendered":"\t\t<div data-elementor-type=\"wp-page\" data-elementor-id=\"121\" class=\"elementor elementor-121\" data-elementor-post-type=\"page\">\n\t\t\t\t<div class=\"elementor-element elementor-element-99f3d99 e-flex e-con-boxed e-con e-parent\" data-id=\"99f3d99\" data-element_type=\"container\" data-e-type=\"container\" data-settings=\"{&quot;background_background&quot;:&quot;classic&quot;}\">\n\t\t\t\t\t<div class=\"e-con-inner\">\n\t\t\t\t<div class=\"elementor-element elementor-element-0918290 elementor-widget elementor-widget-heading\" data-id=\"0918290\" data-element_type=\"widget\" data-e-type=\"widget\" data-widget_type=\"heading.default\">\n\t\t\t\t<div class=\"elementor-widget-container\">\n\t\t\t\t\t<h1 class=\"elementor-heading-title elementor-size-default\">QU\u00c9 HACEMOS<\/h1>\t\t\t\t<\/div>\n\t\t\t\t<\/div>\n\t\t\t\t\t<\/div>\n\t\t\t\t<\/div>\n\t\t<div class=\"elementor-element elementor-element-3e4dd28 e-flex e-con-boxed e-con e-parent\" data-id=\"3e4dd28\" data-element_type=\"container\" data-e-type=\"container\" data-settings=\"{&quot;background_background&quot;:&quot;classic&quot;}\">\n\t\t\t\t\t<div class=\"e-con-inner\">\n\t\t\t\t<div class=\"elementor-element elementor-element-dca4ba8 elementor-widget elementor-widget-heading\" data-id=\"dca4ba8\" data-element_type=\"widget\" data-e-type=\"widget\" data-widget_type=\"heading.default\">\n\t\t\t\t<div class=\"elementor-widget-container\">\n\t\t\t\t\t<h3 class=\"elementor-heading-title elementor-size-default\">NUESTRA MISI\u00d3N<\/h3>\t\t\t\t<\/div>\n\t\t\t\t<\/div>\n\t\t\t\t<div class=\"elementor-element elementor-element-7b91ba1 elementor-widget elementor-widget-text-editor\" data-id=\"7b91ba1\" data-element_type=\"widget\" data-e-type=\"widget\" data-widget_type=\"text-editor.default\">\n\t\t\t\t<div class=\"elementor-widget-container\">\n\t\t\t\t\t\t\t\t\t<p>Las coronas y restauraciones de puentes siguen sirviendo como una de las principales opciones de restauraci\u00f3n de la odontolog\u00eda. Las restauraciones de coronas y puentes del Laboratorio Labdentis se fabrican utilizando los \u00faltimos materiales aprobados en la UE de m\u00e1xima calidad. Nuestro compromiso es proporcionar ajuste, funci\u00f3n y resultados de aspecto natural cuando el tratamiento requiere porcelana. Desde el trabajo de modelo hasta el glaseado final, todos los casos se producen bajo magnificaci\u00f3n, lo que garantiza la precisi\u00f3n y exactitud.<\/p>\t\t\t\t\t\t\t\t<\/div>\n\t\t\t\t<\/div>\n\t\t\t\t\t<\/div>\n\t\t\t\t<\/div>\n\t\t<div class=\"elementor-element elementor-element-c167596 e-flex e-con-boxed e-con e-parent\" data-id=\"c167596\" data-element_type=\"container\" data-e-type=\"container\">\n\t\t\t\t\t<div class=\"e-con-inner\">\n\t\t\t\t<div class=\"elementor-element elementor-element-f30f0bb elementor-widget elementor-widget-heading\" data-id=\"f30f0bb\" data-element_type=\"widget\" data-e-type=\"widget\" data-widget_type=\"heading.default\">\n\t\t\t\t<div class=\"elementor-widget-container\">\n\t\t\t\t\t<h3 class=\"elementor-heading-title elementor-size-default\">QU\u00c9 HACEMOS<\/h3>\t\t\t\t<\/div>\n\t\t\t\t<\/div>\n\t\t\t\t<div class=\"elementor-element elementor-element-4c686d8 elementor-widget elementor-widget-text-editor\" data-id=\"4c686d8\" data-element_type=\"widget\" data-e-type=\"widget\" data-widget_type=\"text-editor.default\">\n\t\t\t\t<div class=\"elementor-widget-container\">\n\t\t\t\t\t\t\t\t\t<ul>\n<li>De zirconio a porcelana<\/li>\n<li><span style=\"background-color: transparent; font-family: -apple-system, BlinkMacSystemFont, &quot;Segoe UI&quot;, Roboto, &quot;Helvetica Neue&quot;, Arial, &quot;Noto Sans&quot;, sans-serif, &quot;Apple Color Emoji&quot;, &quot;Segoe UI Emoji&quot;, &quot;Segoe UI Symbol&quot;, &quot;Noto Color Emoji&quot;; text-align: var(--text-align);\">Carillas<\/span><br><\/li>\n<li>Implantes<\/li>\n<li>Coronas de circonio<\/li>\n<li>Coronas de oro<\/li>\n<li><span style=\"background-color: transparent; text-align: var(--text-align); font-family: -apple-system, BlinkMacSystemFont, &quot;Segoe UI&quot;, Roboto, &quot;Helvetica Neue&quot;, Arial, &quot;Noto Sans&quot;, sans-serif, &quot;Apple Color Emoji&quot;, &quot;Segoe UI Emoji&quot;, &quot;Segoe UI Symbol&quot;, &quot;Noto Color Emoji&quot;;\">F\u00e9rulas<\/span><br><\/li>\n<\/ul>\t\t\t\t\t\t\t\t<\/div>\n\t\t\t\t<\/div>\n\t\t\t\t<div class=\"elementor-element elementor-element-f59c289 elementor-widget elementor-widget-text-editor\" data-id=\"f59c289\" data-element_type=\"widget\" data-e-type=\"widget\" data-widget_type=\"text-editor.default\">\n\t\t\t\t<div class=\"elementor-widget-container\">\n\t\t\t\t\t\t\t\t\t<p>Utilizamos circonio Ivoclar para nuestras coronas de contorno completo y cofias estratificadas.\u00a0<span style=\"text-align: var(--text-align); font-family: -apple-system, BlinkMacSystemFont, 'Segoe UI', Roboto, 'Helvetica Neue', Arial, 'Noto Sans', sans-serif, 'Apple Color Emoji', 'Segoe UI Emoji', 'Segoe UI Symbol', 'Noto Color Emoji';\">Servimos a\u00a0 Portugal, Espa\u00f1a, Itaia y Francia. Tiempo de entrega est\u00e1ndar, por caso es de 10 d\u00edas h\u00e1biles. Tiempo de entrega est\u00e1ndar 8-9 d\u00edas, tambi\u00e9n tenemos la capacidad en situaci\u00f3n de emergencia para fabricar coronas al d\u00eda siguiente siempre que recibamos el caso antes de las 11am.<\/span><\/p>\t\t\t\t\t\t\t\t<\/div>\n\t\t\t\t<\/div>\n\t\t\t\t\t<\/div>\n\t\t\t\t<\/div>\n\t\t\t\t<\/div>\n\t\t","protected":false},"excerpt":{"rendered":"<p>QU\u00c9 HACEMOS NUESTRA MISI\u00d3N Las coronas y restauraciones de puentes siguen sirviendo como una de las principales opciones de restauraci\u00f3n de la odontolog\u00eda. Las restauraciones de coronas y puentes del Laboratorio Labdentis se fabrican utilizando los \u00faltimos materiales aprobados en la UE de m\u00e1xima calidad. Nuestro compromiso es proporcionar ajuste, funci\u00f3n y resultados de aspecto [&hellip;]<\/p>\n","protected":false},"author":1,"featured_media":0,"parent":0,"menu_order":0,"comment_status":"closed","ping_status":"closed","template":"elementor_header_footer","meta":{"inline_featured_image":false,"footnotes":""},"class_list":["post-121","page","type-page","status-publish","hentry"],"_links":{"self":[{"href":"https:\/\/labdentis.pt\/es\/wp-json\/wp\/v2\/pages\/121","targetHints":{"allow":["GET"]}}],"collection":[{"href":"https:\/\/labdentis.pt\/es\/wp-json\/wp\/v2\/pages"}],"about":[{"href":"https:\/\/labdentis.pt\/es\/wp-json\/wp\/v2\/types\/page"}],"author":[{"embeddable":true,"href":"https:\/\/labdentis.pt\/es\/wp-json\/wp\/v2\/users\/1"}],"replies":[{"embeddable":true,"href":"https:\/\/labdentis.pt\/es\/wp-json\/wp\/v2\/comments?post=121"}],"version-history":[{"count":35,"href":"https:\/\/labdentis.pt\/es\/wp-json\/wp\/v2\/pages\/121\/revisions"}],"predecessor-version":[{"id":407,"href":"https:\/\/labdentis.pt\/es\/wp-json\/wp\/v2\/pages\/121\/revisions\/407"}],"wp:attachment":[{"href":"https:\/\/labdentis.pt\/es\/wp-json\/wp\/v2\/media?parent=121"}],"curies":[{"name":"wp","href":"https:\/\/api.w.org\/{rel}","templated":true}]}}